{"id":2143,"date":"2025-02-20T18:22:46","date_gmt":"2025-02-20T17:22:46","guid":{"rendered":"https:\/\/myriaporagroup.com\/pongase-en-contacto-con-nosotros\/"},"modified":"2025-04-07T08:38:25","modified_gmt":"2025-04-07T06:38:25","slug":"pongase-en-contacto-con-nosotros","status":"publish","type":"page","link":"https:\/\/myriaporagroup.com\/es\/pongase-en-contacto-con-nosotros\/","title":{"rendered":"Cont\u00e1ctanos"},"content":{"rendered":"\t\t<div data-elementor-type=\"wp-page\" data-elementor-id=\"2143\" class=\"elementor elementor-2143 elementor-1050\" data-elementor-post-type=\"page\">\n\t\t\t\t<div class=\"elementor-element elementor-element-dde3463 e-flex e-con-boxed e-con e-parent\" data-id=\"dde3463\" data-element_type=\"container\" data-e-type=\"container\" data-settings=\"{&quot;background_background&quot;:&quot;classic&quot;,&quot;jet_parallax_layout_list&quot;:[]}\">\n\t\t\t\t\t<div class=\"e-con-inner\">\n\t\t\t\t<div class=\"elementor-element elementor-element-d2159b4 elementor-widget-tablet__width-inherit elementor-widget elementor-widget-heading\" data-id=\"d2159b4\" data-element_type=\"widget\" data-e-type=\"widget\" data-widget_type=\"heading.default\">\n\t\t\t\t\t<h1 class=\"elementor-heading-title elementor-size-default\">Ponte en contacto<\/h1>\t\t\t\t<\/div>\n\t\t\t\t<div class=\"elementor-element elementor-element-01738ae elementor-widget__width-initial elementor-widget elementor-widget-heading\" data-id=\"01738ae\" data-element_type=\"widget\" data-e-type=\"widget\" data-widget_type=\"heading.default\">\n\t\t\t\t\t<h2 class=\"elementor-heading-title elementor-size-default\">\u00bfTiene una idea para un proyecto o una consulta? Contacta con nosotros para descubrir nuestros\nservicios - Nuestro equipo est\u00e1 aqu\u00ed para hacer realidad su visi\u00f3n.<\/h2>\t\t\t\t<\/div>\n\t\t\t\t\t<\/div>\n\t\t\t\t<\/div>\n\t\t<div class=\"elementor-element elementor-element-87ea2af e-flex e-con-boxed e-con e-parent\" data-id=\"87ea2af\" data-element_type=\"container\" data-e-type=\"container\" data-settings=\"{&quot;background_background&quot;:&quot;classic&quot;,&quot;jet_parallax_layout_list&quot;:[]}\">\n\t\t\t\t\t<div class=\"e-con-inner\">\n\t\t<div class=\"elementor-element elementor-element-7dc755b e-con-full e-flex e-con e-child\" data-id=\"7dc755b\" data-element_type=\"container\" data-e-type=\"container\" data-settings=\"{&quot;jet_parallax_layout_list&quot;:[]}\">\n\t\t\t\t<div class=\"elementor-element elementor-element-c424948 elementor-widget elementor-widget-image\" data-id=\"c424948\" data-element_type=\"widget\" data-e-type=\"widget\" data-widget_type=\"image.default\">\n\t\t\t\t\t\t\t\t\t\t\t\t\t\t\t<img fetchpriority=\"high\" decoding=\"async\" width=\"960\" height=\"960\" src=\"https:\/\/myriaporagroup.com\/wp-content\/uploads\/2025\/02\/img_lateral_marble_sold-min.jpg\" class=\"attachment-full size-full wp-image-1954\" alt=\"\" srcset=\"https:\/\/myriaporagroup.com\/wp-content\/uploads\/2025\/02\/img_lateral_marble_sold-min.jpg 960w, https:\/\/myriaporagroup.com\/wp-content\/uploads\/2025\/02\/img_lateral_marble_sold-min-300x300.jpg 300w, https:\/\/myriaporagroup.com\/wp-content\/uploads\/2025\/02\/img_lateral_marble_sold-min-150x150.jpg 150w, https:\/\/myriaporagroup.com\/wp-content\/uploads\/2025\/02\/img_lateral_marble_sold-min-768x768.jpg 768w\" sizes=\"(max-width: 960px) 100vw, 960px\" \/>\t\t\t\t\t\t\t\t\t\t\t\t\t\t\t<\/div>\n\t\t\t\t<\/div>\n\t\t<div class=\"elementor-element elementor-element-d2c3725 e-con-full e-flex e-con e-child\" data-id=\"d2c3725\" data-element_type=\"container\" data-e-type=\"container\" data-settings=\"{&quot;background_background&quot;:&quot;classic&quot;,&quot;jet_parallax_layout_list&quot;:[]}\">\n\t\t\t\t<div class=\"elementor-element elementor-element-7c96e66 elementor-button-align-start elementor-widget__width-initial elementor-widget elementor-widget-form\" data-id=\"7c96e66\" data-element_type=\"widget\" data-e-type=\"widget\" data-settings=\"{&quot;step_next_label&quot;:&quot;Siguiente&quot;,&quot;step_previous_label&quot;:&quot;Anterior&quot;,&quot;button_width&quot;:&quot;100&quot;,&quot;step_type&quot;:&quot;number_text&quot;,&quot;step_icon_shape&quot;:&quot;circle&quot;}\" data-widget_type=\"form.default\">\n\t\t\t\t\t\t\t<form class=\"elementor-form\" method=\"post\" name=\"Formulario de contacto\" aria-label=\"Formulario de contacto\">\n\t\t\t<input type=\"hidden\" name=\"post_id\" value=\"2143\"\/>\n\t\t\t<input type=\"hidden\" name=\"form_id\" value=\"7c96e66\"\/>\n\t\t\t<input type=\"hidden\" name=\"referer_title\" value=\"Cont\u00e1ctanos - Myriapora Group\" \/>\n\n\t\t\t\t\t\t\t<input type=\"hidden\" name=\"queried_id\" value=\"2143\"\/>\n\t\t\t\n\t\t\t<div class=\"elementor-form-fields-wrapper elementor-labels-above\">\n\t\t\t\t\t\t\t\t<div class=\"elementor-field-type-recaptcha_v3 elementor-field-group elementor-column elementor-field-group-field_ed2af2c elementor-col-100 recaptcha_v3-bottomright\">\n\t\t\t\t\t<div class=\"elementor-field\" id=\"form-field-field_ed2af2c\"><div class=\"elementor-g-recaptcha\" data-sitekey=\"6LfcR-IqAAAAAEZxSkeRhWBWFoCDHRNKvfxblDwD\" data-type=\"v3\" data-action=\"Form\" data-badge=\"bottomright\" data-size=\"invisible\"><\/div><\/div>\t\t\t\t<\/div>\n\t\t\t\t\t\t\t\t<div class=\"elementor-field-type-text elementor-field-group elementor-column elementor-field-group-field_2470e2d elementor-col-100 elementor-field-required elementor-mark-required\">\n\t\t\t\t\t\t\t\t\t\t\t\t<label for=\"form-field-field_2470e2d\" class=\"elementor-field-label\">\n\t\t\t\t\t\t\t\tNOMBRE\t\t\t\t\t\t\t<\/label>\n\t\t\t\t\t\t\t\t\t\t\t\t\t\t<input size=\"1\" type=\"text\" name=\"form_fields[field_2470e2d]\" id=\"form-field-field_2470e2d\" class=\"elementor-field elementor-size-sm  elementor-field-textual\" placeholder=\"Escribe...\" required=\"required\">\n\t\t\t\t\t\t\t\t\t\t\t<\/div>\n\t\t\t\t\t\t\t\t<div class=\"elementor-field-type-email elementor-field-group elementor-column elementor-field-group-email elementor-col-100 elementor-field-required elementor-mark-required\">\n\t\t\t\t\t\t\t\t\t\t\t\t<label for=\"form-field-email\" class=\"elementor-field-label\">\n\t\t\t\t\t\t\t\tEMAIL\t\t\t\t\t\t\t<\/label>\n\t\t\t\t\t\t\t\t\t\t\t\t\t\t<input size=\"1\" type=\"email\" name=\"form_fields[email]\" id=\"form-field-email\" class=\"elementor-field elementor-size-sm  elementor-field-textual\" placeholder=\"Escribe...\" required=\"required\">\n\t\t\t\t\t\t\t\t\t\t\t<\/div>\n\t\t\t\t\t\t\t\t<div class=\"elementor-field-type-tel elementor-field-group elementor-column elementor-field-group-field_6831b25 elementor-col-100\">\n\t\t\t\t\t\t\t\t\t\t\t\t<label for=\"form-field-field_6831b25\" class=\"elementor-field-label\">\n\t\t\t\t\t\t\t\tTEL\u00c9FONO\t\t\t\t\t\t\t<\/label>\n\t\t\t\t\t\t\t\t<input size=\"1\" type=\"tel\" name=\"form_fields[field_6831b25]\" id=\"form-field-field_6831b25\" class=\"elementor-field elementor-size-sm  elementor-field-textual\" placeholder=\"Escribe...\" pattern=\"[0-9()#&amp;+*-=.]+\" title=\"Solo se aceptan n\u00fameros y caracteres de tel\u00e9fono (#,-,*,etc).\">\n\n\t\t\t\t\t\t<\/div>\n\t\t\t\t\t\t\t\t<div class=\"elementor-field-type-text elementor-field-group elementor-column elementor-field-group-name elementor-col-100 elementor-field-required elementor-mark-required\">\n\t\t\t\t\t\t\t\t\t\t\t\t<label for=\"form-field-name\" class=\"elementor-field-label\">\n\t\t\t\t\t\t\t\tASUNTO\t\t\t\t\t\t\t<\/label>\n\t\t\t\t\t\t\t\t\t\t\t\t\t\t<input size=\"1\" type=\"text\" name=\"form_fields[name]\" id=\"form-field-name\" class=\"elementor-field elementor-size-sm  elementor-field-textual\" placeholder=\"Escribe...\" required=\"required\">\n\t\t\t\t\t\t\t\t\t\t\t<\/div>\n\t\t\t\t\t\t\t\t<div class=\"elementor-field-type-textarea elementor-field-group elementor-column elementor-field-group-message elementor-col-100\">\n\t\t\t\t\t\t\t\t\t\t\t\t<label for=\"form-field-message\" class=\"elementor-field-label\">\n\t\t\t\t\t\t\t\tMENSAJE\t\t\t\t\t\t\t<\/label>\n\t\t\t\t\t\t<textarea class=\"elementor-field-textual elementor-field  elementor-size-sm\" name=\"form_fields[message]\" id=\"form-field-message\" rows=\"4\" placeholder=\"Escribe...\"><\/textarea>\t\t\t\t<\/div>\n\t\t\t\t\t\t\t\t<div class=\"elementor-field-type-acceptance elementor-field-group elementor-column elementor-field-group-field_c841870 elementor-col-100\">\n\t\t\t\t\t\t\t<div class=\"elementor-field-subgroup\">\n\t\t\t<span class=\"elementor-field-option\">\n\t\t\t\t<input type=\"checkbox\" name=\"form_fields[field_c841870]\" id=\"form-field-field_c841870\" class=\"elementor-field elementor-size-sm  elementor-acceptance-field\">\n\t\t\t\t<label for=\"form-field-field_c841870\">He le\u00eddo y acepto la <a href=\"https:\/\/myriaporagroup.com\/privacy-policy\/\" target=\"_blank\">Pol\u00edtica de privacidad<\/a><\/label>\t\t\t<\/span>\n\t\t<\/div>\n\t\t\t\t\t\t<\/div>\n\t\t\t\t\t\t\t\t<div class=\"elementor-field-group elementor-column elementor-field-type-submit elementor-col-100 e-form__buttons\">\n\t\t\t\t\t<button class=\"elementor-button elementor-size-sm\" type=\"submit\">\n\t\t\t\t\t\t<span class=\"elementor-button-content-wrapper\">\n\t\t\t\t\t\t\t\t\t\t\t\t\t\t\t\t\t\t\t\t\t\t<span class=\"elementor-button-text\">Enviar solicitud<\/span>\n\t\t\t\t\t\t\t\t\t\t\t\t\t<\/span>\n\t\t\t\t\t<\/button>\n\t\t\t\t<\/div>\n\t\t\t<\/div>\n\t\t<\/form>\n\t\t\t\t\t\t<\/div>\n\t\t\t\t<\/div>\n\t\t\t\t\t<\/div>\n\t\t\t\t<\/div>\n\t\t<div class=\"elementor-element elementor-element-4ad27a9 e-flex e-con-boxed e-con e-parent\" data-id=\"4ad27a9\" data-element_type=\"container\" data-e-type=\"container\" data-settings=\"{&quot;background_background&quot;:&quot;classic&quot;,&quot;jet_parallax_layout_list&quot;:[]}\">\n\t\t\t\t\t<div class=\"e-con-inner\">\n\t\t\t\t<div class=\"elementor-element elementor-element-81dacae elementor-widget elementor-widget-heading\" data-id=\"81dacae\" data-element_type=\"widget\" data-e-type=\"widget\" data-widget_type=\"heading.default\">\n\t\t\t\t\t<div class=\"elementor-heading-title elementor-size-default\"><a href=\"mailto:info@myriaporagroup.com\">info@myriaporagroup.com<\/a><\/div>\t\t\t\t<\/div>\n\t\t\t\t<div class=\"elementor-element elementor-element-bceda86 elementor-widget elementor-widget-heading\" data-id=\"bceda86\" data-element_type=\"widget\" data-e-type=\"widget\" data-widget_type=\"heading.default\">\n\t\t\t\t\t<div class=\"elementor-heading-title elementor-size-default\"><a href=\"tel:+34649400601\">+34 649 400 601<\/a><\/div>\t\t\t\t<\/div>\n\t\t\t\t<div class=\"elementor-element elementor-element-4c7261c elementor-widget elementor-widget-heading\" data-id=\"4c7261c\" data-element_type=\"widget\" data-e-type=\"widget\" data-widget_type=\"heading.default\">\n\t\t\t\t\t<div class=\"elementor-heading-title elementor-size-default\"><a href=\"https:\/\/www.linkedin.com\/company\/myriapora-group\/\" target=\"_blank\">linkedin<\/a><\/div>\t\t\t\t<\/div>\n\t\t\t\t<div class=\"elementor-element elementor-element-e2bebd7 elementor-widget elementor-widget-heading\" data-id=\"e2bebd7\" data-element_type=\"widget\" data-e-type=\"widget\" data-widget_type=\"heading.default\">\n\t\t\t\t\t<div class=\"elementor-heading-title elementor-size-default\"><a href=\"https:\/\/www.instagram.com\/myriaporagroup\" target=\"_blank\">instagram<\/a><\/div>\t\t\t\t<\/div>\n\t\t\t\t<div class=\"elementor-element elementor-element-fcf2e82 elementor-widget elementor-widget-heading\" data-id=\"fcf2e82\" data-element_type=\"widget\" data-e-type=\"widget\" data-widget_type=\"heading.default\">\n\t\t\t\t\t<div class=\"elementor-heading-title elementor-size-default\"><a href=\"https:\/\/www.facebook.com\/myriaporagroup\" target=\"_blank\">facebook<\/a><\/div>\t\t\t\t<\/div>\n\t\t\t\t\t<\/div>\n\t\t\t\t<\/div>\n\t\t<div class=\"elementor-element elementor-element-056b037 e-flex e-con-boxed e-con e-parent\" data-id=\"056b037\" data-element_type=\"container\" data-e-type=\"container\" data-settings=\"{&quot;background_background&quot;:&quot;classic&quot;,&quot;jet_parallax_layout_list&quot;:[]}\">\n\t\t\t\t\t<div class=\"e-con-inner\">\n\t\t\t\t<div class=\"elementor-element elementor-element-18beb3e elementor-widget elementor-widget-heading\" data-id=\"18beb3e\" data-element_type=\"widget\" data-e-type=\"widget\" data-widget_type=\"heading.default\">\n\t\t\t\t\t<h2 class=\"elementor-heading-title elementor-size-default\">Estamos situados en\nAlicante, Espa\u00f1a.<\/h2>\t\t\t\t<\/div>\n\t\t\t\t\t<\/div>\n\t\t\t\t<\/div>\n\t\t\t\t<\/div>\n\t\t","protected":false},"excerpt":{"rendered":"<p>Ponte en contacto \u00bfTiene una idea para un proyecto o una consulta? Contacta con nosotros para descubrir nuestros servicios &#8211; Nuestro equipo est\u00e1 aqu\u00ed para hacer realidad su visi\u00f3n. info@myriaporagroup.com +34 649 400 601 linkedin instagram facebook Estamos situados en Alicante, Espa\u00f1a.<\/p>\n","protected":false},"author":1,"featured_media":0,"parent":0,"menu_order":0,"comment_status":"closed","ping_status":"closed","template":"","meta":{"_joinchat":[],"footnotes":""},"class_list":["post-2143","page","type-page","status-publish","hentry"],"yoast_head":"<!-- This site is optimized with the Yoast SEO plugin v27.5 - https:\/\/yoast.com\/product\/yoast-seo-wordpress\/ -->\n<title>Cont\u00e1ctanos - Myriapora Group<\/title>\n<meta name=\"robots\" content=\"index, follow, max-snippet:-1, max-image-preview:large, max-video-preview:-1\" \/>\n<link rel=\"canonical\" href=\"https:\/\/myriaporagroup.com\/es\/pongase-en-contacto-con-nosotros\/\" \/>\n<meta property=\"og:locale\" content=\"es_ES\" \/>\n<meta property=\"og:type\" content=\"article\" \/>\n<meta property=\"og:title\" content=\"Cont\u00e1ctanos - Myriapora Group\" \/>\n<meta property=\"og:description\" content=\"Ponte en contacto \u00bfTiene una idea para un proyecto o una consulta? Contacta con nosotros para descubrir nuestros servicios &#8211; Nuestro equipo est\u00e1 aqu\u00ed para hacer realidad su visi\u00f3n. info@myriaporagroup.com +34 649 400 601 linkedin instagram facebook Estamos situados en Alicante, Espa\u00f1a.\" \/>\n<meta property=\"og:url\" content=\"https:\/\/myriaporagroup.com\/es\/pongase-en-contacto-con-nosotros\/\" \/>\n<meta property=\"og:site_name\" content=\"Myriapora Group\" \/>\n<meta property=\"article:modified_time\" content=\"2025-04-07T06:38:25+00:00\" \/>\n<meta property=\"og:image\" content=\"https:\/\/myriaporagroup.com\/wp-content\/uploads\/2025\/02\/img_lateral_marble_sold-min.jpg\" \/>\n\t<meta property=\"og:image:width\" content=\"960\" \/>\n\t<meta property=\"og:image:height\" content=\"960\" \/>\n\t<meta property=\"og:image:type\" content=\"image\/jpeg\" \/>\n<meta name=\"twitter:card\" content=\"summary_large_image\" \/>\n<script type=\"application\/ld+json\" class=\"yoast-schema-graph\">{\"@context\":\"https:\\\/\\\/schema.org\",\"@graph\":[{\"@type\":\"WebPage\",\"@id\":\"https:\\\/\\\/myriaporagroup.com\\\/es\\\/pongase-en-contacto-con-nosotros\\\/\",\"url\":\"https:\\\/\\\/myriaporagroup.com\\\/es\\\/pongase-en-contacto-con-nosotros\\\/\",\"name\":\"Cont\u00e1ctanos - Myriapora Group\",\"isPartOf\":{\"@id\":\"https:\\\/\\\/myriaporagroup.com\\\/es\\\/#website\"},\"primaryImageOfPage\":{\"@id\":\"https:\\\/\\\/myriaporagroup.com\\\/es\\\/pongase-en-contacto-con-nosotros\\\/#primaryimage\"},\"image\":{\"@id\":\"https:\\\/\\\/myriaporagroup.com\\\/es\\\/pongase-en-contacto-con-nosotros\\\/#primaryimage\"},\"thumbnailUrl\":\"https:\\\/\\\/myriaporagroup.com\\\/wp-content\\\/uploads\\\/2025\\\/02\\\/img_lateral_marble_sold-min.jpg\",\"datePublished\":\"2025-02-20T17:22:46+00:00\",\"dateModified\":\"2025-04-07T06:38:25+00:00\",\"breadcrumb\":{\"@id\":\"https:\\\/\\\/myriaporagroup.com\\\/es\\\/pongase-en-contacto-con-nosotros\\\/#breadcrumb\"},\"inLanguage\":\"es\",\"potentialAction\":[{\"@type\":\"ReadAction\",\"target\":[\"https:\\\/\\\/myriaporagroup.com\\\/es\\\/pongase-en-contacto-con-nosotros\\\/\"]}]},{\"@type\":\"ImageObject\",\"inLanguage\":\"es\",\"@id\":\"https:\\\/\\\/myriaporagroup.com\\\/es\\\/pongase-en-contacto-con-nosotros\\\/#primaryimage\",\"url\":\"https:\\\/\\\/myriaporagroup.com\\\/wp-content\\\/uploads\\\/2025\\\/02\\\/img_lateral_marble_sold-min.jpg\",\"contentUrl\":\"https:\\\/\\\/myriaporagroup.com\\\/wp-content\\\/uploads\\\/2025\\\/02\\\/img_lateral_marble_sold-min.jpg\"},{\"@type\":\"BreadcrumbList\",\"@id\":\"https:\\\/\\\/myriaporagroup.com\\\/es\\\/pongase-en-contacto-con-nosotros\\\/#breadcrumb\",\"itemListElement\":[{\"@type\":\"ListItem\",\"position\":1,\"name\":\"Home\",\"item\":\"https:\\\/\\\/myriaporagroup.com\\\/es\\\/inicio\\\/\"},{\"@type\":\"ListItem\",\"position\":2,\"name\":\"Cont\u00e1ctanos\"}]},{\"@type\":\"WebSite\",\"@id\":\"https:\\\/\\\/myriaporagroup.com\\\/es\\\/#website\",\"url\":\"https:\\\/\\\/myriaporagroup.com\\\/es\\\/\",\"name\":\"Myriapora Group\",\"description\":\"Luxury Carved in Stone - Premium Marble for Visionary Designs\",\"publisher\":{\"@id\":\"https:\\\/\\\/myriaporagroup.com\\\/es\\\/#organization\"},\"potentialAction\":[{\"@type\":\"SearchAction\",\"target\":{\"@type\":\"EntryPoint\",\"urlTemplate\":\"https:\\\/\\\/myriaporagroup.com\\\/es\\\/?s={search_term_string}\"},\"query-input\":{\"@type\":\"PropertyValueSpecification\",\"valueRequired\":true,\"valueName\":\"search_term_string\"}}],\"inLanguage\":\"es\"},{\"@type\":\"Organization\",\"@id\":\"https:\\\/\\\/myriaporagroup.com\\\/es\\\/#organization\",\"name\":\"Myriapora Group\",\"url\":\"https:\\\/\\\/myriaporagroup.com\\\/es\\\/\",\"logo\":{\"@type\":\"ImageObject\",\"inLanguage\":\"es\",\"@id\":\"https:\\\/\\\/myriaporagroup.com\\\/es\\\/#\\\/schema\\\/logo\\\/image\\\/\",\"url\":\"https:\\\/\\\/myriaporagroup.com\\\/wp-content\\\/uploads\\\/2024\\\/06\\\/logo_myriapora_group.svg\",\"contentUrl\":\"https:\\\/\\\/myriaporagroup.com\\\/wp-content\\\/uploads\\\/2024\\\/06\\\/logo_myriapora_group.svg\",\"width\":301,\"height\":55,\"caption\":\"Myriapora Group\"},\"image\":{\"@id\":\"https:\\\/\\\/myriaporagroup.com\\\/es\\\/#\\\/schema\\\/logo\\\/image\\\/\"}}]}<\/script>\n<!-- \/ Yoast SEO plugin. -->","yoast_head_json":{"title":"Cont\u00e1ctanos - Myriapora Group","robots":{"index":"index","follow":"follow","max-snippet":"max-snippet:-1","max-image-preview":"max-image-preview:large","max-video-preview":"max-video-preview:-1"},"canonical":"https:\/\/myriaporagroup.com\/es\/pongase-en-contacto-con-nosotros\/","og_locale":"es_ES","og_type":"article","og_title":"Cont\u00e1ctanos - Myriapora Group","og_description":"Ponte en contacto \u00bfTiene una idea para un proyecto o una consulta? Contacta con nosotros para descubrir nuestros servicios &#8211; Nuestro equipo est\u00e1 aqu\u00ed para hacer realidad su visi\u00f3n. info@myriaporagroup.com +34 649 400 601 linkedin instagram facebook Estamos situados en Alicante, Espa\u00f1a.","og_url":"https:\/\/myriaporagroup.com\/es\/pongase-en-contacto-con-nosotros\/","og_site_name":"Myriapora Group","article_modified_time":"2025-04-07T06:38:25+00:00","og_image":[{"width":960,"height":960,"url":"https:\/\/myriaporagroup.com\/wp-content\/uploads\/2025\/02\/img_lateral_marble_sold-min.jpg","type":"image\/jpeg"}],"twitter_card":"summary_large_image","schema":{"@context":"https:\/\/schema.org","@graph":[{"@type":"WebPage","@id":"https:\/\/myriaporagroup.com\/es\/pongase-en-contacto-con-nosotros\/","url":"https:\/\/myriaporagroup.com\/es\/pongase-en-contacto-con-nosotros\/","name":"Cont\u00e1ctanos - Myriapora Group","isPartOf":{"@id":"https:\/\/myriaporagroup.com\/es\/#website"},"primaryImageOfPage":{"@id":"https:\/\/myriaporagroup.com\/es\/pongase-en-contacto-con-nosotros\/#primaryimage"},"image":{"@id":"https:\/\/myriaporagroup.com\/es\/pongase-en-contacto-con-nosotros\/#primaryimage"},"thumbnailUrl":"https:\/\/myriaporagroup.com\/wp-content\/uploads\/2025\/02\/img_lateral_marble_sold-min.jpg","datePublished":"2025-02-20T17:22:46+00:00","dateModified":"2025-04-07T06:38:25+00:00","breadcrumb":{"@id":"https:\/\/myriaporagroup.com\/es\/pongase-en-contacto-con-nosotros\/#breadcrumb"},"inLanguage":"es","potentialAction":[{"@type":"ReadAction","target":["https:\/\/myriaporagroup.com\/es\/pongase-en-contacto-con-nosotros\/"]}]},{"@type":"ImageObject","inLanguage":"es","@id":"https:\/\/myriaporagroup.com\/es\/pongase-en-contacto-con-nosotros\/#primaryimage","url":"https:\/\/myriaporagroup.com\/wp-content\/uploads\/2025\/02\/img_lateral_marble_sold-min.jpg","contentUrl":"https:\/\/myriaporagroup.com\/wp-content\/uploads\/2025\/02\/img_lateral_marble_sold-min.jpg"},{"@type":"BreadcrumbList","@id":"https:\/\/myriaporagroup.com\/es\/pongase-en-contacto-con-nosotros\/#breadcrumb","itemListElement":[{"@type":"ListItem","position":1,"name":"Home","item":"https:\/\/myriaporagroup.com\/es\/inicio\/"},{"@type":"ListItem","position":2,"name":"Cont\u00e1ctanos"}]},{"@type":"WebSite","@id":"https:\/\/myriaporagroup.com\/es\/#website","url":"https:\/\/myriaporagroup.com\/es\/","name":"Myriapora Group","description":"Luxury Carved in Stone - Premium Marble for Visionary Designs","publisher":{"@id":"https:\/\/myriaporagroup.com\/es\/#organization"},"potentialAction":[{"@type":"SearchAction","target":{"@type":"EntryPoint","urlTemplate":"https:\/\/myriaporagroup.com\/es\/?s={search_term_string}"},"query-input":{"@type":"PropertyValueSpecification","valueRequired":true,"valueName":"search_term_string"}}],"inLanguage":"es"},{"@type":"Organization","@id":"https:\/\/myriaporagroup.com\/es\/#organization","name":"Myriapora Group","url":"https:\/\/myriaporagroup.com\/es\/","logo":{"@type":"ImageObject","inLanguage":"es","@id":"https:\/\/myriaporagroup.com\/es\/#\/schema\/logo\/image\/","url":"https:\/\/myriaporagroup.com\/wp-content\/uploads\/2024\/06\/logo_myriapora_group.svg","contentUrl":"https:\/\/myriaporagroup.com\/wp-content\/uploads\/2024\/06\/logo_myriapora_group.svg","width":301,"height":55,"caption":"Myriapora Group"},"image":{"@id":"https:\/\/myriaporagroup.com\/es\/#\/schema\/logo\/image\/"}}]}},"_links":{"self":[{"href":"https:\/\/myriaporagroup.com\/es\/wp-json\/wp\/v2\/pages\/2143","targetHints":{"allow":["GET"]}}],"collection":[{"href":"https:\/\/myriaporagroup.com\/es\/wp-json\/wp\/v2\/pages"}],"about":[{"href":"https:\/\/myriaporagroup.com\/es\/wp-json\/wp\/v2\/types\/page"}],"author":[{"embeddable":true,"href":"https:\/\/myriaporagroup.com\/es\/wp-json\/wp\/v2\/users\/1"}],"replies":[{"embeddable":true,"href":"https:\/\/myriaporagroup.com\/es\/wp-json\/wp\/v2\/comments?post=2143"}],"version-history":[{"count":3,"href":"https:\/\/myriaporagroup.com\/es\/wp-json\/wp\/v2\/pages\/2143\/revisions"}],"predecessor-version":[{"id":2248,"href":"https:\/\/myriaporagroup.com\/es\/wp-json\/wp\/v2\/pages\/2143\/revisions\/2248"}],"wp:attachment":[{"href":"https:\/\/myriaporagroup.com\/es\/wp-json\/wp\/v2\/media?parent=2143"}],"curies":[{"name":"wp","href":"https:\/\/api.w.org\/{rel}","templated":true}]}}