{"id":2145,"date":"2025-03-10T10:05:58","date_gmt":"2025-03-10T09:05:58","guid":{"rendered":"https:\/\/myriaporagroup.com\/centro-de-diseno\/"},"modified":"2025-04-07T08:36:53","modified_gmt":"2025-04-07T06:36:53","slug":"centro-de-diseno","status":"publish","type":"page","link":"https:\/\/myriaporagroup.com\/es\/centro-de-diseno\/","title":{"rendered":"Design Hub"},"content":{"rendered":"\t\t<div data-elementor-type=\"wp-page\" data-elementor-id=\"2145\" class=\"elementor elementor-2145 elementor-1739\" data-elementor-post-type=\"page\">\n\t\t\t\t<div class=\"elementor-element elementor-element-1b82637 e-flex e-con-boxed e-con e-parent\" data-id=\"1b82637\" data-element_type=\"container\" data-e-type=\"container\" data-settings=\"{&quot;background_background&quot;:&quot;classic&quot;,&quot;jet_parallax_layout_list&quot;:[]}\">\n\t\t\t\t\t<div class=\"e-con-inner\">\n\t\t\t\t<div class=\"elementor-element elementor-element-f090e20 elementor-widget__width-initial elementor-widget elementor-widget-heading\" data-id=\"f090e20\" data-element_type=\"widget\" data-e-type=\"widget\" data-widget_type=\"heading.default\">\n\t\t\t\t\t<h1 class=\"elementor-heading-title elementor-size-default\">Dise\u00f1o<br>Hub<\/h1>\t\t\t\t<\/div>\n\t\t<div class=\"elementor-element elementor-element-e6e1318 e-con-full e-flex e-con e-child\" data-id=\"e6e1318\" data-element_type=\"container\" data-e-type=\"container\" data-settings=\"{&quot;jet_parallax_layout_list&quot;:[]}\">\n\t\t<a class=\"elementor-element elementor-element-075a702 e-con-full e-flex e-con e-child\" data-id=\"075a702\" data-element_type=\"container\" data-e-type=\"container\" data-settings=\"{&quot;background_background&quot;:&quot;classic&quot;,&quot;jet_parallax_layout_list&quot;:[]}\" href=\"#explore\">\n\t\t\t\t<div class=\"elementor-element elementor-element-27d95f8 elementor-widget elementor-widget-image\" data-id=\"27d95f8\" data-element_type=\"widget\" data-e-type=\"widget\" data-widget_type=\"image.default\">\n\t\t\t\t\t\t\t\t\t\t\t\t\t\t\t<img fetchpriority=\"high\" decoding=\"async\" width=\"298\" height=\"298\" src=\"https:\/\/myriaporagroup.com\/wp-content\/uploads\/2025\/02\/down_arrow_static.gif\" class=\"attachment-large size-large wp-image-1919\" alt=\"\" \/>\t\t\t\t\t\t\t\t\t\t\t\t\t\t\t<\/div>\n\t\t\t\t<div class=\"elementor-element elementor-element-dfe7abf elementor-absolute moving-arrow elementor-widget elementor-widget-image\" data-id=\"dfe7abf\" data-element_type=\"widget\" data-e-type=\"widget\" data-settings=\"{&quot;_position&quot;:&quot;absolute&quot;}\" data-widget_type=\"image.default\">\n\t\t\t\t\t\t\t\t\t\t\t\t\t\t\t<img decoding=\"async\" width=\"298\" height=\"298\" src=\"https:\/\/myriaporagroup.com\/wp-content\/uploads\/2025\/02\/down_arrow_moving.gif\" class=\"attachment-large size-large wp-image-1918\" alt=\"\" \/>\t\t\t\t\t\t\t\t\t\t\t\t\t\t\t<\/div>\n\t\t\t\t<div class=\"elementor-element elementor-element-4926516 animated-link-text elementor-widget elementor-widget-heading\" data-id=\"4926516\" data-element_type=\"widget\" data-e-type=\"widget\" data-widget_type=\"heading.default\">\n\t\t\t\t\t<span class=\"elementor-heading-title elementor-size-default\">Desliza para explorar<\/span>\t\t\t\t<\/div>\n\t\t\t\t<\/a>\n\t\t<div class=\"elementor-element elementor-element-2ab00d7 e-con-full e-flex e-con e-child\" data-id=\"2ab00d7\" data-element_type=\"container\" data-e-type=\"container\" data-settings=\"{&quot;jet_parallax_layout_list&quot;:[]}\">\n\t\t\t\t<div class=\"elementor-element elementor-element-e7bd7f0 elementor-widget-divider--view-line elementor-widget elementor-widget-divider\" data-id=\"e7bd7f0\" data-element_type=\"widget\" data-e-type=\"widget\" data-widget_type=\"divider.default\">\n\t\t\t\t\t\t\t<div class=\"elementor-divider\">\n\t\t\t<span class=\"elementor-divider-separator\">\n\t\t\t\t\t\t<\/span>\n\t\t<\/div>\n\t\t\t\t\t\t<\/div>\n\t\t\t\t<div class=\"elementor-element elementor-element-82a6a69 elementor-widget elementor-widget-text-editor\" data-id=\"82a6a69\" data-element_type=\"widget\" data-e-type=\"widget\" data-widget_type=\"text-editor.default\">\n\t\t\t\t\t\t\t\t\t<p>Bienvenido a nuestro centro de dise\u00f1o, un espacio concebido para inspirarle y guiarle en la perfecta integraci\u00f3n de nuestros productos en sus proyectos. Explore ideas innovadoras, descubra aplicaciones creativas y haga realidad su visi\u00f3n con nuestras soluciones elaboradas por expertos.<\/p>\t\t\t\t\t\t\t\t<\/div>\n\t\t\t\t<\/div>\n\t\t\t\t<\/div>\n\t\t\t\t\t<\/div>\n\t\t\t\t<\/div>\n\t\t<div class=\"elementor-element elementor-element-42199b3 e-flex e-con-boxed e-con e-parent\" data-id=\"42199b3\" data-element_type=\"container\" data-e-type=\"container\" id=\"explore\" data-settings=\"{&quot;jet_parallax_layout_list&quot;:[]}\">\n\t\t\t\t\t<div class=\"e-con-inner\">\n\t\t\t\t<div class=\"elementor-element elementor-element-b40a762 elementor-widget__width-inherit elementor-widget elementor-widget-jet-listing-grid\" data-id=\"b40a762\" data-element_type=\"widget\" data-e-type=\"widget\" data-settings=\"{&quot;columns&quot;:&quot;3&quot;,&quot;columns_laptop&quot;:&quot;1&quot;,&quot;columns_tablet&quot;:&quot;1&quot;,&quot;columns_mobile&quot;:&quot;1&quot;}\" data-widget_type=\"jet-listing-grid.default\">\n\t\t\t\t\t<div class=\"jet-listing-grid jet-listing\"><div class=\"jet-listing-grid__items grid-col-desk-3 grid-col-tablet-1 grid-col-mobile-1 jet-listing-grid--1760 jet-equal-columns__wrapper grid-collapse-gap\" data-queried-id=\"2145|WP_Post\" data-nav=\"{&quot;enabled&quot;:false,&quot;type&quot;:null,&quot;more_el&quot;:null,&quot;query&quot;:[],&quot;widget_settings&quot;:{&quot;lisitng_id&quot;:1760,&quot;posts_num&quot;:3,&quot;columns&quot;:3,&quot;columns_tablet&quot;:1,&quot;columns_mobile&quot;:1,&quot;column_min_width&quot;:240,&quot;column_min_width_tablet&quot;:240,&quot;column_min_width_mobile&quot;:240,&quot;inline_columns_css&quot;:false,&quot;is_archive_template&quot;:&quot;&quot;,&quot;post_status&quot;:[&quot;publish&quot;],&quot;use_random_posts_num&quot;:&quot;&quot;,&quot;max_posts_num&quot;:9,&quot;not_found_message&quot;:&quot;No se han encontrado datos&quot;,&quot;is_masonry&quot;:false,&quot;equal_columns_height&quot;:&quot;yes&quot;,&quot;use_load_more&quot;:&quot;&quot;,&quot;load_more_id&quot;:&quot;&quot;,&quot;load_more_type&quot;:&quot;click&quot;,&quot;load_more_offset&quot;:{&quot;unit&quot;:&quot;px&quot;,&quot;size&quot;:0,&quot;sizes&quot;:[]},&quot;use_custom_post_types&quot;:&quot;&quot;,&quot;custom_post_types&quot;:[],&quot;hide_widget_if&quot;:&quot;&quot;,&quot;carousel_enabled&quot;:&quot;&quot;,&quot;slides_to_scroll&quot;:&quot;1&quot;,&quot;arrows&quot;:&quot;true&quot;,&quot;arrow_icon&quot;:&quot;fa fa-angle-left&quot;,&quot;dots&quot;:&quot;true&quot;,&quot;autoplay&quot;:&quot;true&quot;,&quot;pause_on_hover&quot;:&quot;true&quot;,&quot;autoplay_speed&quot;:5000,&quot;infinite&quot;:&quot;true&quot;,&quot;center_mode&quot;:&quot;&quot;,&quot;effect&quot;:&quot;slide&quot;,&quot;speed&quot;:500,&quot;inject_alternative_items&quot;:&quot;&quot;,&quot;injection_items&quot;:[],&quot;scroll_slider_enabled&quot;:&quot;&quot;,&quot;scroll_slider_on&quot;:[&quot;desktop&quot;,&quot;tablet&quot;,&quot;mobile&quot;],&quot;custom_query&quot;:&quot;yes&quot;,&quot;custom_query_id&quot;:&quot;5&quot;,&quot;_element_id&quot;:&quot;&quot;,&quot;collapse_first_last_gap&quot;:&quot;true&quot;,&quot;list_tag_selection&quot;:&quot;&quot;,&quot;list_items_wrapper_tag&quot;:&quot;div&quot;,&quot;list_item_tag&quot;:&quot;div&quot;,&quot;empty_items_wrapper_tag&quot;:&quot;div&quot;}}\" data-page=\"1\" data-pages=\"1\" data-listing-source=\"query\" data-listing-id=\"1760\" data-query-id=\"5\"><div class=\"jet-listing-grid__item jet-listing-dynamic-post-37 jet-equal-columns\" data-post-id=\"37\"  ><div class=\"jet-engine-listing-overlay-wrap\" data-url=\"https:\/\/myriaporagroup.com\/es\/design-hub\/black-marquina-es\/\">\t\t<div data-elementor-type=\"jet-listing-items\" data-elementor-id=\"2251\" class=\"elementor elementor-2251 elementor-1760 elementor-1760\" data-elementor-post-type=\"jet-engine\">\n\t\t\t\t<div class=\"elementor-element elementor-element-dd9c072 e-con-full e-flex e-con e-parent\" data-id=\"dd9c072\" data-element_type=\"container\" data-e-type=\"container\" data-settings=\"{&quot;jet_parallax_layout_list&quot;:[]}\">\n\t\t\t\t<div class=\"elementor-element elementor-element-1a2d080 elementor-widget__width-inherit elementor-widget elementor-widget-jet-listing-dynamic-image\" data-id=\"1a2d080\" data-element_type=\"widget\" data-e-type=\"widget\" data-widget_type=\"jet-listing-dynamic-image.default\">\n\t\t\t\t\t<div class=\"jet-listing jet-listing-dynamic-image\" ><img decoding=\"async\" width=\"400\" height=\"401\" src=\"https:\/\/myriaporagroup.com\/wp-content\/uploads\/2025\/03\/designhub_marquina_miniatura-min.jpg\" class=\"jet-listing-dynamic-image__img attachment-full size-full\" alt=\"designhub_marquina_miniatura-min\" srcset=\"https:\/\/myriaporagroup.com\/wp-content\/uploads\/2025\/03\/designhub_marquina_miniatura-min.jpg 400w, https:\/\/myriaporagroup.com\/wp-content\/uploads\/2025\/03\/designhub_marquina_miniatura-min-300x300.jpg 300w, https:\/\/myriaporagroup.com\/wp-content\/uploads\/2025\/03\/designhub_marquina_miniatura-min-150x150.jpg 150w\" sizes=\"(max-width: 400px) 100vw, 400px\" loading=\"eager\" \/><\/div>\t\t\t\t<\/div>\n\t\t\t\t<div class=\"elementor-element elementor-element-199ff92 elementor-widget elementor-widget-heading\" data-id=\"199ff92\" data-element_type=\"widget\" data-e-type=\"widget\" data-widget_type=\"heading.default\">\n\t\t\t\t\t<h3 class=\"elementor-heading-title elementor-size-default\"><a href=\"https:\/\/myriaporagroup.com\/es\/design-hub\/black-marquina-es\/\">Black Marquina<\/a><\/h3>\t\t\t\t<\/div>\n\t\t\t\t<\/div>\n\t\t\t\t<\/div>\n\t\t<a href=\"https:\/\/myriaporagroup.com\/es\/design-hub\/black-marquina-es\/\" class=\"jet-engine-listing-overlay-link\"><\/a><\/div><\/div><div class=\"jet-listing-grid__item jet-listing-dynamic-post-38 jet-equal-columns\" data-post-id=\"38\"  ><div class=\"jet-engine-listing-overlay-wrap\" data-url=\"https:\/\/myriaporagroup.com\/es\/design-hub\/blanco-calacatta\/\">\t\t<div data-elementor-type=\"jet-listing-items\" data-elementor-id=\"2251\" class=\"elementor elementor-2251 elementor-1760 elementor-1760\" data-elementor-post-type=\"jet-engine\">\n\t\t\t\t<div class=\"elementor-element elementor-element-dd9c072 e-con-full e-flex e-con e-parent\" data-id=\"dd9c072\" data-element_type=\"container\" data-e-type=\"container\" data-settings=\"{&quot;jet_parallax_layout_list&quot;:[]}\">\n\t\t\t\t<div class=\"elementor-element elementor-element-1a2d080 elementor-widget__width-inherit elementor-widget elementor-widget-jet-listing-dynamic-image\" data-id=\"1a2d080\" data-element_type=\"widget\" data-e-type=\"widget\" data-widget_type=\"jet-listing-dynamic-image.default\">\n\t\t\t\t\t<div class=\"jet-listing jet-listing-dynamic-image\" ><img decoding=\"async\" width=\"400\" height=\"401\" src=\"https:\/\/myriaporagroup.com\/wp-content\/uploads\/2025\/03\/designhub_calacatta_miniatura_v2-min.jpg\" class=\"jet-listing-dynamic-image__img attachment-full size-full\" alt=\"designhub_calacatta_miniatura_v2-min\" srcset=\"https:\/\/myriaporagroup.com\/wp-content\/uploads\/2025\/03\/designhub_calacatta_miniatura_v2-min.jpg 400w, https:\/\/myriaporagroup.com\/wp-content\/uploads\/2025\/03\/designhub_calacatta_miniatura_v2-min-300x300.jpg 300w, https:\/\/myriaporagroup.com\/wp-content\/uploads\/2025\/03\/designhub_calacatta_miniatura_v2-min-150x150.jpg 150w\" sizes=\"(max-width: 400px) 100vw, 400px\" loading=\"eager\" \/><\/div>\t\t\t\t<\/div>\n\t\t\t\t<div class=\"elementor-element elementor-element-199ff92 elementor-widget elementor-widget-heading\" data-id=\"199ff92\" data-element_type=\"widget\" data-e-type=\"widget\" data-widget_type=\"heading.default\">\n\t\t\t\t\t<h3 class=\"elementor-heading-title elementor-size-default\"><a href=\"https:\/\/myriaporagroup.com\/es\/design-hub\/blanco-calacatta\/\">Blanco Calacatta<\/a><\/h3>\t\t\t\t<\/div>\n\t\t\t\t<\/div>\n\t\t\t\t<\/div>\n\t\t<a href=\"https:\/\/myriaporagroup.com\/es\/design-hub\/blanco-calacatta\/\" class=\"jet-engine-listing-overlay-link\"><\/a><\/div><\/div><div class=\"jet-listing-grid__item jet-listing-dynamic-post-39 jet-equal-columns\" data-post-id=\"39\"  ><div class=\"jet-engine-listing-overlay-wrap\" data-url=\"https:\/\/myriaporagroup.com\/es\/design-hub\/white-statuario-es\/\">\t\t<div data-elementor-type=\"jet-listing-items\" data-elementor-id=\"2251\" class=\"elementor elementor-2251 elementor-1760 elementor-1760\" data-elementor-post-type=\"jet-engine\">\n\t\t\t\t<div class=\"elementor-element elementor-element-dd9c072 e-con-full e-flex e-con e-parent\" data-id=\"dd9c072\" data-element_type=\"container\" data-e-type=\"container\" data-settings=\"{&quot;jet_parallax_layout_list&quot;:[]}\">\n\t\t\t\t<div class=\"elementor-element elementor-element-1a2d080 elementor-widget__width-inherit elementor-widget elementor-widget-jet-listing-dynamic-image\" data-id=\"1a2d080\" data-element_type=\"widget\" data-e-type=\"widget\" data-widget_type=\"jet-listing-dynamic-image.default\">\n\t\t\t\t\t<div class=\"jet-listing jet-listing-dynamic-image\" ><img decoding=\"async\" width=\"400\" height=\"401\" src=\"https:\/\/myriaporagroup.com\/wp-content\/uploads\/2025\/03\/designhub_statuario_miniatura-min.jpg\" class=\"jet-listing-dynamic-image__img attachment-full size-full\" alt=\"designhub_statuario_miniatura-min\" srcset=\"https:\/\/myriaporagroup.com\/wp-content\/uploads\/2025\/03\/designhub_statuario_miniatura-min.jpg 400w, https:\/\/myriaporagroup.com\/wp-content\/uploads\/2025\/03\/designhub_statuario_miniatura-min-300x300.jpg 300w, https:\/\/myriaporagroup.com\/wp-content\/uploads\/2025\/03\/designhub_statuario_miniatura-min-150x150.jpg 150w\" sizes=\"(max-width: 400px) 100vw, 400px\" loading=\"eager\" \/><\/div>\t\t\t\t<\/div>\n\t\t\t\t<div class=\"elementor-element elementor-element-199ff92 elementor-widget elementor-widget-heading\" data-id=\"199ff92\" data-element_type=\"widget\" data-e-type=\"widget\" data-widget_type=\"heading.default\">\n\t\t\t\t\t<h3 class=\"elementor-heading-title elementor-size-default\"><a href=\"https:\/\/myriaporagroup.com\/es\/design-hub\/white-statuario-es\/\">White Statuario<\/a><\/h3>\t\t\t\t<\/div>\n\t\t\t\t<\/div>\n\t\t\t\t<\/div>\n\t\t<a href=\"https:\/\/myriaporagroup.com\/es\/design-hub\/white-statuario-es\/\" class=\"jet-engine-listing-overlay-link\"><\/a><\/div><\/div><\/div><\/div>\t\t\t\t<\/div>\n\t\t\t\t\t<\/div>\n\t\t\t\t<\/div>\n\t\t\t\t<\/div>\n\t\t","protected":false},"excerpt":{"rendered":"<p>Dise\u00f1oHub Desliza para explorar Bienvenido a nuestro centro de dise\u00f1o, un espacio concebido para inspirarle y guiarle en la perfecta integraci\u00f3n de nuestros productos en sus proyectos. Explore ideas innovadoras, descubra aplicaciones creativas y haga realidad su visi\u00f3n con nuestras soluciones elaboradas por expertos. Edit query<\/p>\n","protected":false},"author":1,"featured_media":0,"parent":0,"menu_order":0,"comment_status":"closed","ping_status":"closed","template":"","meta":{"_joinchat":[],"footnotes":""},"class_list":["post-2145","page","type-page","status-publish","hentry"],"yoast_head":"<!-- This site is optimized with the Yoast SEO plugin v27.5 - https:\/\/yoast.com\/product\/yoast-seo-wordpress\/ -->\n<title>Design Hub - Myriapora Group<\/title>\n<meta name=\"robots\" content=\"index, follow, max-snippet:-1, max-image-preview:large, max-video-preview:-1\" \/>\n<link rel=\"canonical\" href=\"https:\/\/myriaporagroup.com\/es\/centro-de-diseno\/\" \/>\n<meta property=\"og:locale\" content=\"es_ES\" \/>\n<meta property=\"og:type\" content=\"article\" \/>\n<meta property=\"og:title\" content=\"Design Hub - Myriapora Group\" \/>\n<meta property=\"og:description\" content=\"Dise\u00f1oHub Desliza para explorar Bienvenido a nuestro centro de dise\u00f1o, un espacio concebido para inspirarle y guiarle en la perfecta integraci\u00f3n de nuestros productos en sus proyectos. Explore ideas innovadoras, descubra aplicaciones creativas y haga realidad su visi\u00f3n con nuestras soluciones elaboradas por expertos. Edit query\" \/>\n<meta property=\"og:url\" content=\"https:\/\/myriaporagroup.com\/es\/centro-de-diseno\/\" \/>\n<meta property=\"og:site_name\" content=\"Myriapora Group\" \/>\n<meta property=\"article:modified_time\" content=\"2025-04-07T06:36:53+00:00\" \/>\n<meta property=\"og:image\" content=\"https:\/\/myriaporagroup.com\/wp-content\/uploads\/2025\/02\/down_arrow_static.gif\" \/>\n\t<meta property=\"og:image:width\" content=\"298\" \/>\n\t<meta property=\"og:image:height\" content=\"298\" \/>\n\t<meta property=\"og:image:type\" content=\"image\/gif\" \/>\n<meta name=\"twitter:card\" content=\"summary_large_image\" \/>\n<script type=\"application\/ld+json\" class=\"yoast-schema-graph\">{\"@context\":\"https:\\\/\\\/schema.org\",\"@graph\":[{\"@type\":\"WebPage\",\"@id\":\"https:\\\/\\\/myriaporagroup.com\\\/es\\\/centro-de-diseno\\\/\",\"url\":\"https:\\\/\\\/myriaporagroup.com\\\/es\\\/centro-de-diseno\\\/\",\"name\":\"Design Hub - Myriapora Group\",\"isPartOf\":{\"@id\":\"https:\\\/\\\/myriaporagroup.com\\\/es\\\/#website\"},\"primaryImageOfPage\":{\"@id\":\"https:\\\/\\\/myriaporagroup.com\\\/es\\\/centro-de-diseno\\\/#primaryimage\"},\"image\":{\"@id\":\"https:\\\/\\\/myriaporagroup.com\\\/es\\\/centro-de-diseno\\\/#primaryimage\"},\"thumbnailUrl\":\"https:\\\/\\\/myriaporagroup.com\\\/wp-content\\\/uploads\\\/2025\\\/02\\\/down_arrow_static.gif\",\"datePublished\":\"2025-03-10T09:05:58+00:00\",\"dateModified\":\"2025-04-07T06:36:53+00:00\",\"breadcrumb\":{\"@id\":\"https:\\\/\\\/myriaporagroup.com\\\/es\\\/centro-de-diseno\\\/#breadcrumb\"},\"inLanguage\":\"es\",\"potentialAction\":[{\"@type\":\"ReadAction\",\"target\":[\"https:\\\/\\\/myriaporagroup.com\\\/es\\\/centro-de-diseno\\\/\"]}]},{\"@type\":\"ImageObject\",\"inLanguage\":\"es\",\"@id\":\"https:\\\/\\\/myriaporagroup.com\\\/es\\\/centro-de-diseno\\\/#primaryimage\",\"url\":\"https:\\\/\\\/myriaporagroup.com\\\/wp-content\\\/uploads\\\/2025\\\/02\\\/down_arrow_static.gif\",\"contentUrl\":\"https:\\\/\\\/myriaporagroup.com\\\/wp-content\\\/uploads\\\/2025\\\/02\\\/down_arrow_static.gif\"},{\"@type\":\"BreadcrumbList\",\"@id\":\"https:\\\/\\\/myriaporagroup.com\\\/es\\\/centro-de-diseno\\\/#breadcrumb\",\"itemListElement\":[{\"@type\":\"ListItem\",\"position\":1,\"name\":\"Home\",\"item\":\"https:\\\/\\\/myriaporagroup.com\\\/es\\\/inicio\\\/\"},{\"@type\":\"ListItem\",\"position\":2,\"name\":\"Design Hub\"}]},{\"@type\":\"WebSite\",\"@id\":\"https:\\\/\\\/myriaporagroup.com\\\/es\\\/#website\",\"url\":\"https:\\\/\\\/myriaporagroup.com\\\/es\\\/\",\"name\":\"Myriapora Group\",\"description\":\"Luxury Carved in Stone - Premium Marble for Visionary Designs\",\"publisher\":{\"@id\":\"https:\\\/\\\/myriaporagroup.com\\\/es\\\/#organization\"},\"potentialAction\":[{\"@type\":\"SearchAction\",\"target\":{\"@type\":\"EntryPoint\",\"urlTemplate\":\"https:\\\/\\\/myriaporagroup.com\\\/es\\\/?s={search_term_string}\"},\"query-input\":{\"@type\":\"PropertyValueSpecification\",\"valueRequired\":true,\"valueName\":\"search_term_string\"}}],\"inLanguage\":\"es\"},{\"@type\":\"Organization\",\"@id\":\"https:\\\/\\\/myriaporagroup.com\\\/es\\\/#organization\",\"name\":\"Myriapora Group\",\"url\":\"https:\\\/\\\/myriaporagroup.com\\\/es\\\/\",\"logo\":{\"@type\":\"ImageObject\",\"inLanguage\":\"es\",\"@id\":\"https:\\\/\\\/myriaporagroup.com\\\/es\\\/#\\\/schema\\\/logo\\\/image\\\/\",\"url\":\"https:\\\/\\\/myriaporagroup.com\\\/wp-content\\\/uploads\\\/2024\\\/06\\\/logo_myriapora_group.svg\",\"contentUrl\":\"https:\\\/\\\/myriaporagroup.com\\\/wp-content\\\/uploads\\\/2024\\\/06\\\/logo_myriapora_group.svg\",\"width\":301,\"height\":55,\"caption\":\"Myriapora Group\"},\"image\":{\"@id\":\"https:\\\/\\\/myriaporagroup.com\\\/es\\\/#\\\/schema\\\/logo\\\/image\\\/\"}}]}<\/script>\n<!-- \/ Yoast SEO plugin. -->","yoast_head_json":{"title":"Design Hub - Myriapora Group","robots":{"index":"index","follow":"follow","max-snippet":"max-snippet:-1","max-image-preview":"max-image-preview:large","max-video-preview":"max-video-preview:-1"},"canonical":"https:\/\/myriaporagroup.com\/es\/centro-de-diseno\/","og_locale":"es_ES","og_type":"article","og_title":"Design Hub - Myriapora Group","og_description":"Dise\u00f1oHub Desliza para explorar Bienvenido a nuestro centro de dise\u00f1o, un espacio concebido para inspirarle y guiarle en la perfecta integraci\u00f3n de nuestros productos en sus proyectos. Explore ideas innovadoras, descubra aplicaciones creativas y haga realidad su visi\u00f3n con nuestras soluciones elaboradas por expertos. Edit query","og_url":"https:\/\/myriaporagroup.com\/es\/centro-de-diseno\/","og_site_name":"Myriapora Group","article_modified_time":"2025-04-07T06:36:53+00:00","og_image":[{"width":298,"height":298,"url":"https:\/\/myriaporagroup.com\/wp-content\/uploads\/2025\/02\/down_arrow_static.gif","type":"image\/gif"}],"twitter_card":"summary_large_image","schema":{"@context":"https:\/\/schema.org","@graph":[{"@type":"WebPage","@id":"https:\/\/myriaporagroup.com\/es\/centro-de-diseno\/","url":"https:\/\/myriaporagroup.com\/es\/centro-de-diseno\/","name":"Design Hub - Myriapora Group","isPartOf":{"@id":"https:\/\/myriaporagroup.com\/es\/#website"},"primaryImageOfPage":{"@id":"https:\/\/myriaporagroup.com\/es\/centro-de-diseno\/#primaryimage"},"image":{"@id":"https:\/\/myriaporagroup.com\/es\/centro-de-diseno\/#primaryimage"},"thumbnailUrl":"https:\/\/myriaporagroup.com\/wp-content\/uploads\/2025\/02\/down_arrow_static.gif","datePublished":"2025-03-10T09:05:58+00:00","dateModified":"2025-04-07T06:36:53+00:00","breadcrumb":{"@id":"https:\/\/myriaporagroup.com\/es\/centro-de-diseno\/#breadcrumb"},"inLanguage":"es","potentialAction":[{"@type":"ReadAction","target":["https:\/\/myriaporagroup.com\/es\/centro-de-diseno\/"]}]},{"@type":"ImageObject","inLanguage":"es","@id":"https:\/\/myriaporagroup.com\/es\/centro-de-diseno\/#primaryimage","url":"https:\/\/myriaporagroup.com\/wp-content\/uploads\/2025\/02\/down_arrow_static.gif","contentUrl":"https:\/\/myriaporagroup.com\/wp-content\/uploads\/2025\/02\/down_arrow_static.gif"},{"@type":"BreadcrumbList","@id":"https:\/\/myriaporagroup.com\/es\/centro-de-diseno\/#breadcrumb","itemListElement":[{"@type":"ListItem","position":1,"name":"Home","item":"https:\/\/myriaporagroup.com\/es\/inicio\/"},{"@type":"ListItem","position":2,"name":"Design Hub"}]},{"@type":"WebSite","@id":"https:\/\/myriaporagroup.com\/es\/#website","url":"https:\/\/myriaporagroup.com\/es\/","name":"Myriapora Group","description":"Luxury Carved in Stone - Premium Marble for Visionary Designs","publisher":{"@id":"https:\/\/myriaporagroup.com\/es\/#organization"},"potentialAction":[{"@type":"SearchAction","target":{"@type":"EntryPoint","urlTemplate":"https:\/\/myriaporagroup.com\/es\/?s={search_term_string}"},"query-input":{"@type":"PropertyValueSpecification","valueRequired":true,"valueName":"search_term_string"}}],"inLanguage":"es"},{"@type":"Organization","@id":"https:\/\/myriaporagroup.com\/es\/#organization","name":"Myriapora Group","url":"https:\/\/myriaporagroup.com\/es\/","logo":{"@type":"ImageObject","inLanguage":"es","@id":"https:\/\/myriaporagroup.com\/es\/#\/schema\/logo\/image\/","url":"https:\/\/myriaporagroup.com\/wp-content\/uploads\/2024\/06\/logo_myriapora_group.svg","contentUrl":"https:\/\/myriaporagroup.com\/wp-content\/uploads\/2024\/06\/logo_myriapora_group.svg","width":301,"height":55,"caption":"Myriapora Group"},"image":{"@id":"https:\/\/myriaporagroup.com\/es\/#\/schema\/logo\/image\/"}}]}},"_links":{"self":[{"href":"https:\/\/myriaporagroup.com\/es\/wp-json\/wp\/v2\/pages\/2145","targetHints":{"allow":["GET"]}}],"collection":[{"href":"https:\/\/myriaporagroup.com\/es\/wp-json\/wp\/v2\/pages"}],"about":[{"href":"https:\/\/myriaporagroup.com\/es\/wp-json\/wp\/v2\/types\/page"}],"author":[{"embeddable":true,"href":"https:\/\/myriaporagroup.com\/es\/wp-json\/wp\/v2\/users\/1"}],"replies":[{"embeddable":true,"href":"https:\/\/myriaporagroup.com\/es\/wp-json\/wp\/v2\/comments?post=2145"}],"version-history":[{"count":3,"href":"https:\/\/myriaporagroup.com\/es\/wp-json\/wp\/v2\/pages\/2145\/revisions"}],"predecessor-version":[{"id":2246,"href":"https:\/\/myriaporagroup.com\/es\/wp-json\/wp\/v2\/pages\/2145\/revisions\/2246"}],"wp:attachment":[{"href":"https:\/\/myriaporagroup.com\/es\/wp-json\/wp\/v2\/media?parent=2145"}],"curies":[{"name":"wp","href":"https:\/\/api.w.org\/{rel}","templated":true}]}}